	{"id":906,"date":"2025-06-23T16:03:27","date_gmt":"2025-06-23T14:03:27","guid":{"rendered":"https:\/\/ringhotel-strandblick.entsteht-gerade.de\/?page_id=906"},"modified":"2025-09-17T09:25:55","modified_gmt":"2025-09-17T07:25:55","slug":"home","status":"publish","type":"page","link":"https:\/\/www.ringhotel-strandblick.de\/","title":{"rendered":"Ringhotel Strandblick"},"content":{"rendered":"\n<p class=\"lead\">Welcome to the Ringhotel Strandblick, our listed, lovingly restored art nouveau hotel.<\/p>\n\n\n\n<div class=\"wp-block-columns columns-for-eu is-layout-flex wp-container-core-columns-is-layout-9d6595d7 wp-block-columns-is-layout-flex\">\n<div class=\"wp-block-column text is-layout-flow wp-block-column-is-layout-flow\">\n<article class=\"wp-block-group\"><div class=\"wp-block-group__inner-container is-layout-constrained wp-block-group-is-layout-constrained\">\n<p class=\"\">We have endeavoured to retain the &#8220;charm of the turn of the century&#8221;. However, this charm does not only apply to the exterior, but should also stand for a particularly personalised service. Our mild, stimulating climate in K\u00fchlungsborn and the marvellous surrounding landscape of the Mecklenburg Bay allow body and soul to breathe a sigh of relief. Kilometres of sandy beaches alternate with steep cliffs, drawing your gaze out to the sea, to the play of waves and seagulls.<\/p>\n\n\n\n<p class=\"\">Our team will do everything in their power to make your stay as eventful as it is relaxing.<\/p>\n\n\n\n<p class=\"\"><strong><strong>Michael Riebesell, hotel owner<\/strong><\/strong><br>Ringhotel Strandblick<\/p>\n<\/div><\/article>\n<\/div>\n\n\n\n<div class=\"wp-block-column eu-bild is-layout-flow wp-block-column-is-layout-flow\"><figure class='wp-block-image eu  '>\n    <div class=\" \" style=\"\">\n              <a href=\"https:\/\/c3.mmcdn.de\/insecure\/rs:fill:667:1000\/plain\/s3:\/\/basis3\/wp_uploads\/54\/2025\/06\/foerderung-2020-2024.jpg\" rel=\"\" target=\"_blank\"><img\n            alt=\"Plakat - F\u00f6rderung der Neueinrichtung der Hotelzimmer und B\u00e4der, Erneuerung der Wasserleitungen und Errichtung von Lades\u00e4ulen f\u00fcr E-Autos und E-Bikes durch den Europ\u00e4ischen Fonds f\u00fcr regionale Entwicklung\"\n            src=https:\/\/c3.mmcdn.de\/insecure\/rs:fill:0:0:1\/g:ce\/plain\/s3:\/\/basis3\/wp_uploads\/54\/2025\/06\/foerderung-2020-2024.jpg\n            \n            \n            class=\"img-fluid\"\n            style=\"cover\" \/>\n        <\/a>\n          <\/div>\n<\/figure>\n\n\n\n<div class=\"wp-block-group alert alert-primary alert-box\"><div class=\"wp-block-group__inner-container is-layout-constrained wp-block-group-is-layout-constrained\"><div class=\"wp-block-basis3-icon-list round \">\n            <div class=\"icon-list-entry\">\n                        <iconify-icon                 aria-hidden=\"true\"\n                icon=\"fa-pro-regular:plug-circle-bolt\"><\/iconify-icon>        <\/div><\/div>\n\n\n\n<p class=\"has-text-align-center\"><strong>NEW for you:<\/strong><br> 4 car charging points for your car directly at the hotel!<\/p>\n\n\n<div class=\"wp-block-basis3-button mb-3\">\n    <a \n     href=\"\/en\/services\/arrival\/#parken\"\n     class=\"btn btn-primary\"\n  >Parking &#038; Charging<\/a>\n<\/div>\n<\/div><\/div>\n<\/div>\n<\/div>\n\n\n\n<div class=\"wp-block-basis3-tiles appear-js mb-lg-5 mb-0 container\">\n    <div class=\"row\">\n                    <div role=\"article\" class=\"tile col-12     \">\n  <div class=\"entry-wrapper d-flex row-direction\">\n                  <div class=\"entry entry-image-wrapper \">\n                <img\n  class=\" lazy\"\n  alt=\" couple is sitting on a stone wall on the beach in summer.\"\n      data-src=\"https:\/\/c3.mmcdn.de\/insecure\/rs:fill:711:457:1\/g:ce\/plain\/s3:\/\/basis3\/wp_uploads\/54\/2025\/05\/web_Ringhotel_Strandblick_2024_%C2%A9_DOMUSimages_195.jpg\"\n  >\n      <\/div>\n                        <div class=\"entry entry-text-wrapper frame\">\n  <div class=\"entry-text\">\n    <div class=\"text\">\n              <h2>Packages<\/h2><p>Discover our attractive offers for a stay in the off-season, for a successful break for two or tailor-made all-inclusive packages over the holidays \u2013 for relaxing wellness moments, a spontaneous short break or a longer feel-good break from everyday life.<\/p>\n          <\/div>\n          <a href=\"\/en\/offers\/\" target=\"_self\" class=\"btn btn-light\">To the offers<\/a>\n      <\/div>\n<\/div>\n            <\/div>\n<\/div>\n            <\/div>\n<\/div>\n\n\n\n<div class=\"wp-block-basis3-tiles appear-js order-reverse mt-0 mb-2 mb-lg-5 container\">\n    <div class=\"row\">\n                    <div role=\"article\" class=\"tile col-12     \">\n  <div class=\"entry-wrapper d-flex row-direction\">\n                  <div class=\"entry entry-text-wrapper frame\">\n  <div class=\"entry-text\">\n    <div class=\"text\">\n              <h2>Our hotel<\/h2><p>Our Art Nouveau hotel is located right on the seafront in the heart of beautiful K\u00fchlungsborn. As a ****Superior Hotel, we offer stylish rooms, relaxing wellness experiences, a swimming pool with sea views and a wonderful roof terrace where you can relax and unwind.<\/p>\n          <\/div>\n          <a href=\"\/en\/our-hotel\/\" target=\"_self\" class=\"btn btn-light\">Further information<\/a>\n      <\/div>\n<\/div>\n                        <div class=\"entry entry-image-wrapper \">\n                <img\n  class=\" lazy\"\n  alt=\"Exterior view of the Ringhotel Strandblick\"\n      data-src=\"https:\/\/c3.mmcdn.de\/insecure\/rs:fill:711:457:1\/g:ce\/plain\/s3:\/\/basis3\/wp_uploads\/54\/2025\/05\/ringhotel-MG_2833-color.jpg\"\n  >\n      <\/div>\n            <\/div>\n<\/div>\n            <\/div>\n<\/div>\n\n\n<div class=\"zimmer-slider-wrapper container-fluid appear-js\">\n  <div class=\"zimmer-slider-description row\">\n    <div class=\"col-12\">\n      <div class=\"container\">\n        <div class=\"row\">\n          <div class=\"col-12\">\n            <h2 class=\"headline-underline\">Rooms &amp; Prices<\/h2>\r\n<p class=\"lead\">Experience the charm of individually designed rooms in various stylish styles \u2013 whether cosy single rooms, comfortable double rooms or elegant suites with several rooms \u2013 every detail invites you to linger and feel at home.<p>\n          <\/div>\n        <\/div>\n        <div class=\"button-container\">\n          <a class=\"btn btn-secondary\"\n             href=\"https:\/\/www.ringhotel-strandblick.de\/en\/rooms\/\">Room overview<\/a>\n        <\/div>\n      <\/div>\n    <\/div>\n  <\/div>\n  <div id=\"slider-description-zimmer\" tabindex=\"-1\" class=\"visually-hidden\">Bildslider, der automatisch bzw. durch Klick auf links\/rechts die Bilder wechselt.<\/div>\n<div class=\"slider embla\" data-type=\"zimmer\" aria-describedby=\"slider-description-zimmer\">\n  <div class=\"embla__viewport\">\n    <div class=\"embla__container\">\n              <div class=\"embla__slide appear\">\n    <img decoding=\"async\"\n    class=\"embla__slide__img lazy\"\n    alt=\"Light-coloured leather seating set with red decorative cushions\"\n    src=\"\"\n    data-srcset=\"https:\/\/c3.mmcdn.de\/insecure\/rs:fill:650:488:1\/g:ce\/plain\/s3:\/\/basis3\/wp_uploads\/54\/2025\/07\/IMG_2638.jpg 650w,https:\/\/c3.mmcdn.de\/insecure\/rs:fill:400:300:1\/g:ce\/plain\/s3:\/\/basis3\/wp_uploads\/54\/2025\/07\/IMG_2638.jpg 400w,https:\/\/c3.mmcdn.de\/insecure\/rs:fill:320:240:1\/g:ce\/plain\/s3:\/\/basis3\/wp_uploads\/54\/2025\/07\/IMG_2638.jpg 320w\"\n  >\n  <div class=\"w-100 description-wrapper px-1\">\n    <h3 class=\"text-one-line m-0 mt-3\">\n    <a href=\"https:\/\/www.ringhotel-strandblick.de\/en\/rooms\/suite\/\" class=\"d-block reset-hover\">Suite<\/a>\n  <\/h3>\n  <div>\n          <span class=\"sub-headline\">with 2-3 rooms<\/span>\n    \n    <div class=\"d-flex flex-wrap align-items-baseline\">\n              <div class=\"d-flex flex-nowrap align-items-center me-3\">\n          <iconify-icon class=\"me-1\" icon=\"fa-pro-light:arrows-maximize\" aria-hidden=\"true\"><\/iconify-icon>\n          40 - 50 m\u00b2\n        <\/div>\n                    <div class=\"d-flex flex-nowrap align-items-center me-3\">\n          <iconify-icon class=\"me-1\" icon=\"fa-pro-light:user-group\" aria-hidden=\"true\"><\/iconify-icon>\n          2-4\n          guests\n        <\/div>\n                    <div class=\"d-flex flex-nowrap align-items-center me-3\">\n          <iconify-icon class=\"me-1\" icon=\"fa-pro-light:bed-front\" aria-hidden=\"true\"><\/iconify-icon>\n          1-3\n          bed\n        <\/div>\n                    <div class=\"d-flex align-items-center flex-wrap ms-auto ab-preis\">\n          <p class=\"m-0\">from<span> 200 \u20ac<\/span><\/p>\n        <\/div>\n          <\/div>\n  <\/div>\n        <div class=\"text-end mt-3 mb-1\"><a class=\"btn btn-secondary\" href=\"https:\/\/www.ringhotel-strandblick.de\/en\/rooms\/suite\/\" aria-hidden=\"true\" tabindex=\"-1\">show more<\/a><\/div>\n  <\/div>\n<\/div>\n              <div class=\"embla__slide appear\">\n    <img decoding=\"async\"\n    class=\"embla__slide__img lazy\"\n    alt=\"Hotel room with bay window and large window. The furnishings are dark grey and light wood.\"\n    src=\"\"\n    data-srcset=\"https:\/\/c3.mmcdn.de\/insecure\/rs:fill:650:488:1\/g:ce\/plain\/s3:\/\/basis3\/wp_uploads\/54\/2025\/05\/web_Ringhotel_Strandblick_2024_%C2%A9_DOMUSimages_021.jpg 650w,https:\/\/c3.mmcdn.de\/insecure\/rs:fill:400:300:1\/g:ce\/plain\/s3:\/\/basis3\/wp_uploads\/54\/2025\/05\/web_Ringhotel_Strandblick_2024_%C2%A9_DOMUSimages_021.jpg 400w,https:\/\/c3.mmcdn.de\/insecure\/rs:fill:320:240:1\/g:ce\/plain\/s3:\/\/basis3\/wp_uploads\/54\/2025\/05\/web_Ringhotel_Strandblick_2024_%C2%A9_DOMUSimages_021.jpg 320w\"\n  >\n  <div class=\"w-100 description-wrapper px-1\">\n    <h3 class=\"text-one-line m-0 mt-3\">\n    <a href=\"https:\/\/www.ringhotel-strandblick.de\/en\/rooms\/double-room-sea-side\/\" class=\"d-block reset-hover\">Double room sea side<\/a>\n  <\/h3>\n  <div>\n          <span class=\"sub-headline\">in the Art Nouveau villa<\/span>\n    \n    <div class=\"d-flex flex-wrap align-items-baseline\">\n              <div class=\"d-flex flex-nowrap align-items-center me-3\">\n          <iconify-icon class=\"me-1\" icon=\"fa-pro-light:arrows-maximize\" aria-hidden=\"true\"><\/iconify-icon>\n          27 - 35 m\u00b2\n        <\/div>\n                    <div class=\"d-flex flex-nowrap align-items-center me-3\">\n          <iconify-icon class=\"me-1\" icon=\"fa-pro-light:user-group\" aria-hidden=\"true\"><\/iconify-icon>\n          2\n          guests\n        <\/div>\n                    <div class=\"d-flex flex-nowrap align-items-center me-3\">\n          <iconify-icon class=\"me-1\" icon=\"fa-pro-light:bed-front\" aria-hidden=\"true\"><\/iconify-icon>\n          1\n          bed\n        <\/div>\n                    <div class=\"d-flex align-items-center flex-wrap ms-auto ab-preis\">\n          <p class=\"m-0\">from<span> 190 \u20ac<\/span><\/p>\n        <\/div>\n          <\/div>\n  <\/div>\n        <div class=\"text-end mt-3 mb-1\"><a class=\"btn btn-secondary\" href=\"https:\/\/www.ringhotel-strandblick.de\/en\/rooms\/double-room-sea-side\/\" aria-hidden=\"true\" tabindex=\"-1\">show more<\/a><\/div>\n  <\/div>\n<\/div>\n              <div class=\"embla__slide appear\">\n    <img decoding=\"async\"\n    class=\"embla__slide__img lazy\"\n    alt=\"Superior double room with balcony, double bed and sofa in natural tones.\"\n    src=\"\"\n    data-srcset=\"https:\/\/c3.mmcdn.de\/insecure\/rs:fill:650:488:1\/g:ce\/plain\/s3:\/\/basis3\/wp_uploads\/54\/2025\/05\/web_Ringhotel_Strandblick_2024_%C2%A9_DOMUSimages_027.jpg 650w,https:\/\/c3.mmcdn.de\/insecure\/rs:fill:400:300:1\/g:ce\/plain\/s3:\/\/basis3\/wp_uploads\/54\/2025\/05\/web_Ringhotel_Strandblick_2024_%C2%A9_DOMUSimages_027.jpg 400w,https:\/\/c3.mmcdn.de\/insecure\/rs:fill:320:240:1\/g:ce\/plain\/s3:\/\/basis3\/wp_uploads\/54\/2025\/05\/web_Ringhotel_Strandblick_2024_%C2%A9_DOMUSimages_027.jpg 320w\"\n  >\n  <div class=\"w-100 description-wrapper px-1\">\n    <h3 class=\"text-one-line m-0 mt-3\">\n    <a href=\"https:\/\/www.ringhotel-strandblick.de\/en\/rooms\/double-room-balcony-terrace\/\" class=\"d-block reset-hover\">Double room with balcony\/terrace<\/a>\n  <\/h3>\n  <div>\n          <span class=\"sub-headline\">with large balcony\/terrace<\/span>\n    \n    <div class=\"d-flex flex-wrap align-items-baseline\">\n              <div class=\"d-flex flex-nowrap align-items-center me-3\">\n          <iconify-icon class=\"me-1\" icon=\"fa-pro-light:arrows-maximize\" aria-hidden=\"true\"><\/iconify-icon>\n          25 - 35 m\u00b2\n        <\/div>\n                    <div class=\"d-flex flex-nowrap align-items-center me-3\">\n          <iconify-icon class=\"me-1\" icon=\"fa-pro-light:user-group\" aria-hidden=\"true\"><\/iconify-icon>\n          2\n          guests\n        <\/div>\n                    <div class=\"d-flex flex-nowrap align-items-center me-3\">\n          <iconify-icon class=\"me-1\" icon=\"fa-pro-light:bed-front\" aria-hidden=\"true\"><\/iconify-icon>\n          1\n          bed\n        <\/div>\n                    <div class=\"d-flex align-items-center flex-wrap ms-auto ab-preis\">\n          <p class=\"m-0\">from<span> 180 \u20ac<\/span><\/p>\n        <\/div>\n          <\/div>\n  <\/div>\n        <div class=\"text-end mt-3 mb-1\"><a class=\"btn btn-secondary\" href=\"https:\/\/www.ringhotel-strandblick.de\/en\/rooms\/double-room-balcony-terrace\/\" aria-hidden=\"true\" tabindex=\"-1\">show more<\/a><\/div>\n  <\/div>\n<\/div>\n              <div class=\"embla__slide appear\">\n    <img decoding=\"async\"\n    class=\"embla__slide__img lazy\"\n    alt=\"Hotel room with double bed, 2 armchairs, desk and wardrobe in white wood.\"\n    src=\"\"\n    data-srcset=\"https:\/\/c3.mmcdn.de\/insecure\/rs:fill:650:488:1\/g:ce\/plain\/s3:\/\/basis3\/wp_uploads\/54\/2025\/05\/web_Ringhotel_Strandblick_2024_%C2%A9_DOMUSimages_003.jpg 650w,https:\/\/c3.mmcdn.de\/insecure\/rs:fill:400:300:1\/g:ce\/plain\/s3:\/\/basis3\/wp_uploads\/54\/2025\/05\/web_Ringhotel_Strandblick_2024_%C2%A9_DOMUSimages_003.jpg 400w,https:\/\/c3.mmcdn.de\/insecure\/rs:fill:320:240:1\/g:ce\/plain\/s3:\/\/basis3\/wp_uploads\/54\/2025\/05\/web_Ringhotel_Strandblick_2024_%C2%A9_DOMUSimages_003.jpg 320w\"\n  >\n  <div class=\"w-100 description-wrapper px-1\">\n    <h3 class=\"text-one-line m-0 mt-3\">\n    <a href=\"https:\/\/www.ringhotel-strandblick.de\/en\/rooms\/standard-double-room\/\" class=\"d-block reset-hover\">Standard double room<\/a>\n  <\/h3>\n  <div>\n          <span class=\"sub-headline\">some rooms with queen-size bed<\/span>\n    \n    <div class=\"d-flex flex-wrap align-items-baseline\">\n              <div class=\"d-flex flex-nowrap align-items-center me-3\">\n          <iconify-icon class=\"me-1\" icon=\"fa-pro-light:arrows-maximize\" aria-hidden=\"true\"><\/iconify-icon>\n          20 \u2013 25 m\u00b2\n        <\/div>\n                    <div class=\"d-flex flex-nowrap align-items-center me-3\">\n          <iconify-icon class=\"me-1\" icon=\"fa-pro-light:user-group\" aria-hidden=\"true\"><\/iconify-icon>\n          2\n          guests\n        <\/div>\n                    <div class=\"d-flex flex-nowrap align-items-center me-3\">\n          <iconify-icon class=\"me-1\" icon=\"fa-pro-light:bed-front\" aria-hidden=\"true\"><\/iconify-icon>\n          1\n          bed\n        <\/div>\n                    <div class=\"d-flex align-items-center flex-wrap ms-auto ab-preis\">\n          <p class=\"m-0\">from<span> 170 \u20ac<\/span><\/p>\n        <\/div>\n          <\/div>\n  <\/div>\n        <div class=\"text-end mt-3 mb-1\"><a class=\"btn btn-secondary\" href=\"https:\/\/www.ringhotel-strandblick.de\/en\/rooms\/standard-double-room\/\" aria-hidden=\"true\" tabindex=\"-1\">show more<\/a><\/div>\n  <\/div>\n<\/div>\n              <div class=\"embla__slide appear\">\n    <img decoding=\"async\"\n    class=\"embla__slide__img lazy\"\n    alt=\"Single room with desk and television, dark wood furniture, yellow walls and paintings.\"\n    src=\"\"\n    data-srcset=\"https:\/\/c3.mmcdn.de\/insecure\/rs:fill:650:488:1\/g:ce\/plain\/s3:\/\/basis3\/wp_uploads\/54\/2025\/05\/hotel_einzelzimmer_1_s800.jpg 650w,https:\/\/c3.mmcdn.de\/insecure\/rs:fill:400:300:1\/g:ce\/plain\/s3:\/\/basis3\/wp_uploads\/54\/2025\/05\/hotel_einzelzimmer_1_s800.jpg 400w,https:\/\/c3.mmcdn.de\/insecure\/rs:fill:320:240:1\/g:ce\/plain\/s3:\/\/basis3\/wp_uploads\/54\/2025\/05\/hotel_einzelzimmer_1_s800.jpg 320w\"\n  >\n  <div class=\"w-100 description-wrapper px-1\">\n    <h3 class=\"text-one-line m-0 mt-3\">\n    <a href=\"https:\/\/www.ringhotel-strandblick.de\/en\/rooms\/single-room\/\" class=\"d-block reset-hover\">Single room<\/a>\n  <\/h3>\n  <div>\n          <span class=\"sub-headline\">with a high level of comfort<\/span>\n    \n    <div class=\"d-flex flex-wrap align-items-baseline\">\n              <div class=\"d-flex flex-nowrap align-items-center me-3\">\n          <iconify-icon class=\"me-1\" icon=\"fa-pro-light:arrows-maximize\" aria-hidden=\"true\"><\/iconify-icon>\n          16 m\u00b2\n        <\/div>\n                    <div class=\"d-flex flex-nowrap align-items-center me-3\">\n          <iconify-icon class=\"me-1\" icon=\"fa-pro-light:user-group\" aria-hidden=\"true\"><\/iconify-icon>\n          1\n          guest\n        <\/div>\n                    <div class=\"d-flex flex-nowrap align-items-center me-3\">\n          <iconify-icon class=\"me-1\" icon=\"fa-pro-light:bed-front\" aria-hidden=\"true\"><\/iconify-icon>\n          1\n          bed\n        <\/div>\n                    <div class=\"d-flex align-items-center flex-wrap ms-auto ab-preis\">\n          <p class=\"m-0\">from<span> 145 \u20ac<\/span><\/p>\n        <\/div>\n          <\/div>\n  <\/div>\n        <div class=\"text-end mt-3 mb-1\"><a class=\"btn btn-secondary\" href=\"https:\/\/www.ringhotel-strandblick.de\/en\/rooms\/single-room\/\" aria-hidden=\"true\" tabindex=\"-1\">show more<\/a><\/div>\n  <\/div>\n<\/div>\n          <\/div>\n  <\/div>\n      <button class=\"embla__button embla__button--prev\" aria-label=\"previous image\" type=\"button\">\n      <svg aria-hidden=\"true\" class=\"embla__button__svg\" viewBox=\"0 0 532 532\">\n        <path\n          fill=\"currentColor\"\n          d=\"M355.66 11.354c13.793-13.805 36.208-13.805 50.001 0 13.785 13.804 13.785 36.238 0 50.034L201.22 266l204.442 204.61c13.785 13.805 13.785 36.239 0 50.044-13.793 13.796-36.208 13.796-50.002 0a5994246.277 5994246.277 0 0 0-229.332-229.454 35.065 35.065 0 0 1-10.326-25.126c0-9.2 3.393-18.26 10.326-25.2C172.192 194.973 332.731 34.31 355.66 11.354Z\"\n        ><\/path>\n      <\/svg>\n    <\/button>\n    <button class=\"embla__button embla__button--next\" aria-label=\"next image\" type=\"button\">\n      <svg aria-hidden=\"true\" class=\"embla__button__svg\" viewBox=\"0 0 532 532\">\n        <path\n          fill=\"currentColor\"\n          d=\"M176.34 520.646c-13.793 13.805-36.208 13.805-50.001 0-13.785-13.804-13.785-36.238 0-50.034L330.78 266 126.34 61.391c-13.785-13.805-13.785-36.239 0-50.044 13.793-13.796 36.208-13.796 50.002 0 22.928 22.947 206.395 206.507 229.332 229.454a35.065 35.065 0 0 1 10.326 25.126c0 9.2-3.393 18.26-10.326 25.2-45.865 45.901-206.404 206.564-229.332 229.52Z\"\n        ><\/path>\n      <\/svg>\n    <\/button>\n    <div class=\"embla__dots\"><\/div>\n  <\/div>\n<\/div>\n\n\n\n\n<div class=\"wp-block-basis3-tiles appear-js tile-splendid mt-5 container\">\n    <div class=\"row\">\n                    <div role=\"article\" class=\"tile col-12   col-lg-6  \">\n  <div class=\"entry-wrapper d-flex column-direction\">\n                  <div class=\"entry entry-image-wrapper \">\n                <img\n  class=\" lazy\"\n  alt=\"Two people are standing in bathrobes on the sun terrace between sun loungers.\"\n      data-src=\"https:\/\/c3.mmcdn.de\/insecure\/rs:fill:711:457:1\/g:ce\/plain\/s3:\/\/basis3\/wp_uploads\/54\/2025\/05\/web_Ringhotel_Strandblick_2024_%C2%A9_DOMUSimages_168.jpg\"\n  >\n      <\/div>\n                        <div class=\"entry entry-text-wrapper frame\">\n  <div class=\"entry-text\">\n    <div class=\"text\">\n              <h2>Wellness by the sea<\/h2><p>Immerse yourself in our world of well-being right by the sea: enjoy soothing massages, exclusive beauty and wellness treatments, relax in the sauna or swim a few laps in the upstairs swimming pool \u2013 with a fantastic view of the coast. Our modern fitness room is also available for active moments.<\/p>\n          <\/div>\n          <a href=\"\/en\/wellness-spa\/\" target=\"_self\" class=\"btn btn-light\">Wellness &#038; Spa<\/a>\n      <\/div>\n<\/div>\n            <\/div>\n<\/div>\n                    <div role=\"article\" class=\"tile col-12   col-lg-6  \">\n  <div class=\"entry-wrapper d-flex column-direction\">\n                  <div class=\"entry entry-image-wrapper \">\n                <img\n  class=\" lazy\"\n  alt=\"Table set for 4 people at the Strandauster restaurant\"\n      data-src=\"https:\/\/c3.mmcdn.de\/insecure\/rs:fill:711:457:1\/g:ce\/plain\/s3:\/\/basis3\/wp_uploads\/54\/2025\/05\/web_Ringhotel_Strandblick_2024_%C2%A9_DOMUSimages_058-1.jpg\"\n  >\n      <\/div>\n                        <div class=\"entry entry-text-wrapper frame\">\n  <div class=\"entry-text\">\n    <div class=\"text\">\n              <h2>Restaurant Strandauster<\/h2><p>Indulge in our regional cuisine in an elegant atmosphere \u2013 with refined Mediterranean accents and seasonal specialities. Enjoy a freshly tapped beer, creative cocktails or a fine glass of wine in the Art Nouveau bar. Our multi-award-winning restaurant with its sunny terrace and fireplace room welcomes you.<\/p>\n          <\/div>\n          <a href=\"\/en\/restaurant\/\" target=\"_self\" class=\"btn btn-light\">Restaurant Strandauster<\/a>\n      <\/div>\n<\/div>\n            <\/div>\n<\/div>\n            <\/div>\n<\/div>\n\n\n\n<hr class=\"wp-block-separator has-alpha-channel-opacity\"\/>\n\n\n<figure class='wp-block-image text-center mb-3 mb-lg-5 '>\n    <div class=\" \" style=\"\">\n              <a href=\"https:\/\/link.m-vp.de\/1223\/hansa.htm\" rel=\"noreferrer noopener\" target=\"_blank\"><img\n            alt=\"Logo: Offizieller Partner des F.C. Hansa Rostock\"\n            src=https:\/\/c3.mmcdn.de\/insecure\/rs:fill:0:0:1\/g:ce\/plain\/s3:\/\/basis3\/wp_uploads\/54\/2025\/05\/CLUB65-Logo_s533.png\n            \n            \n            class=\"img-fluid\"\n            style=\"\" \/>\n        <\/a>\n          <\/div>\n<\/figure>\n","protected":false},"excerpt":{"rendered":"<p>Welcome to the Ringhotel Strandblick, our listed, lovingly restored art nouveau hotel. We have endeavoured to retain the &#8220;charm of the turn of the century&#8221;. However, this charm does not only apply to the exterior, but should also stand for a particularly personalised service. Our mild, stimulating climate in K\u00fchlungsborn and the marvellous surrounding landscape &hellip; <a href=\"https:\/\/www.ringhotel-strandblick.de\/en\/rooms\/single-room\/\">Continued<\/a><\/p>\n","protected":false},"author":1,"featured_media":0,"parent":0,"menu_order":0,"comment_status":"closed","ping_status":"closed","template":"template-front-width-mixed.blade.php","meta":{"_locale":"en_GB","_original_post":"8","footnotes":""},"class_list":["post-906","page","type-page","status-publish","hentry","en-GB"],"_links":{"self":[{"href":"https:\/\/www.ringhotel-strandblick.de\/wp-json\/wp\/v2\/pages\/906","targetHints":{"allow":["GET"]}}],"collection":[{"href":"https:\/\/www.ringhotel-strandblick.de\/wp-json\/wp\/v2\/pages"}],"about":[{"href":"https:\/\/www.ringhotel-strandblick.de\/wp-json\/wp\/v2\/types\/page"}],"author":[{"embeddable":true,"href":"https:\/\/www.ringhotel-strandblick.de\/wp-json\/wp\/v2\/users\/1"}],"replies":[{"embeddable":true,"href":"https:\/\/www.ringhotel-strandblick.de\/wp-json\/wp\/v2\/comments?post=906"}],"version-history":[{"count":9,"href":"https:\/\/www.ringhotel-strandblick.de\/wp-json\/wp\/v2\/pages\/906\/revisions"}],"predecessor-version":[{"id":1414,"href":"https:\/\/www.ringhotel-strandblick.de\/wp-json\/wp\/v2\/pages\/906\/revisions\/1414"}],"wp:attachment":[{"href":"https:\/\/www.ringhotel-strandblick.de\/wp-json\/wp\/v2\/media?parent=906"}],"curies":[{"name":"wp","href":"https:\/\/api.w.org\/{rel}","templated":true}]}}